{"id":271,"date":"2020-05-17T12:53:03","date_gmt":"2020-05-17T10:53:03","guid":{"rendered":"https:\/\/www.mikambo.de\/?page_id=271"},"modified":"2020-05-17T12:53:03","modified_gmt":"2020-05-17T10:53:03","slug":"erklaerung-zum-urheberrecht","status":"publish","type":"page","link":"https:\/\/www.mikambo.de\/index.php\/erklaerung-zum-urheberrecht\/","title":{"rendered":"Erkl\u00e4rung zum Urheberrecht"},"content":{"rendered":"<p>F\u00fcr s\u00e4mtliche vom Betreiber dieses Blogs erstellten Inhalte dieses Blogs wird f\u00fcr s\u00e4mtliche Zwecke auf jegliche Rechte des Urhebers verzichtet; hierbei ist die Nennung des Urhebers bei Verwendung der Inhalte durch Dritte nicht erforderlich.<\/p>\n","protected":false},"excerpt":{"rendered":"<p>F\u00fcr s\u00e4mtliche vom Betreiber dieses Blogs erstellten Inhalte dieses Blogs wird f\u00fcr s\u00e4mtliche Zwecke auf jegliche Rechte des Urhebers verzichtet; hierbei ist die Nennung des Urhebers bei Verwendung der Inhalte durch Dritte nicht erforderlich.<\/p>\n","protected":false},"author":1,"featured_media":0,"parent":0,"menu_order":0,"comment_status":"closed","ping_status":"closed","template":"","meta":{"footnotes":""},"class_list":["post-271","page","type-page","status-publish","hentry"],"_links":{"self":[{"href":"https:\/\/www.mikambo.de\/index.php\/wp-json\/wp\/v2\/pages\/271","targetHints":{"allow":["GET"]}}],"collection":[{"href":"https:\/\/www.mikambo.de\/index.php\/wp-json\/wp\/v2\/pages"}],"about":[{"href":"https:\/\/www.mikambo.de\/index.php\/wp-json\/wp\/v2\/types\/page"}],"author":[{"embeddable":true,"href":"https:\/\/www.mikambo.de\/index.php\/wp-json\/wp\/v2\/users\/1"}],"replies":[{"embeddable":true,"href":"https:\/\/www.mikambo.de\/index.php\/wp-json\/wp\/v2\/comments?post=271"}],"version-history":[{"count":0,"href":"https:\/\/www.mikambo.de\/index.php\/wp-json\/wp\/v2\/pages\/271\/revisions"}],"wp:attachment":[{"href":"https:\/\/www.mikambo.de\/index.php\/wp-json\/wp\/v2\/media?parent=271"}],"curies":[{"name":"wp","href":"https:\/\/api.w.org\/{rel}","templated":true}]}}